{"id":756,"date":"2019-02-06T10:08:35","date_gmt":"2019-02-06T09:08:35","guid":{"rendered":"http:\/\/etoiles-terrestres.fr\/mentions-legales\/"},"modified":"2020-07-23T16:42:08","modified_gmt":"2020-07-23T14:42:08","slug":"impressum","status":"publish","type":"page","link":"https:\/\/etoiles-terrestres.fr\/de\/impressum\/","title":{"rendered":"Impressum"},"content":{"rendered":"<h3>Vorstellung der Site<\/h3>\n<p>Name des Unternehmens: SYCOPARC &#8211; Syndicat de coop\u00e9ration pour le Parc naturel r\u00e9gional des Vosges du Nord (Syndicat de coop\u00e9ration pour le Parc naturel r\u00e9gional des Vosges du Nord (Kooperationsverband f\u00fcr den regionalen Naturpark Nordvogesen)<\/p>\n<p>VATERTIER: 256 700 691 00015<\/p>\n<p>Anschrift: 21, rue du ch\u00e2teau &#8211; BP24 &#8211; 67290 La-Petite-Pierre<\/p>\n<p>E-Mail: contact@parc-vosges-nord.fr<\/p>\n<p>Telefonnummer: +33 (0)3 88 01 49 59<\/p>\n<p>Rechtsform: Syndicat Mixte<\/p>\n<p>Name des Direktors oder Ko-Direktors der Publikation: Micha\u00ebl WEBER, Pr\u00e4sident von SYCOPARC<\/p>\n<p>Redaktion : Rita JACOB BAUER, Direktorin von SYCOPARC<\/p>\n<p>&nbsp;<\/p>\n<p><strong>Sch\u00f6pfer<\/strong> : <a href=\"https:\/\/www.grafiti.fr\">Grafiti<\/a><\/p>\n<p><strong>Webmaster<\/strong> : Grafiti \u2013 info@grafiti.fr<\/p>\n<p>&nbsp;<\/p>\n<p><strong>Host<\/strong> :<\/p>\n<p><a href=\"https:\/\/www.ovh.com\/\">OVH<\/a>\u00a0France <a href=\"https:\/\/www.ovh.com\">https:\/\/www.ovh.com<\/a><\/p>\n<p>Si\u00e8ge social : 2 rue Kellermann \u2013 59100 Roubaix \u2013 France<\/p>\n<p>Code APE 2620Z<\/p>\n<p>&nbsp;<\/p>\n<p><strong>Copyrights :<\/strong><\/p>\n<ul>\n<li>Ga\u00eblle Lapandry, Projektleitung<\/li>\n<li>Christian Cantin &amp; Romain Grandmougin, k\u00fcnstlerische Leitung<\/li>\n<li>Marine Lepaul, Leitartikel<\/li>\n<li>C\u00e9dric Neveu, Webentwicklung<\/li>\n<\/ul>\n<p><strong>Site Verrier Bildnachweis :<\/strong><\/p>\n<ul>\n<li>C2 images<\/li>\n<li>Guy Rebmeister<\/li>\n<li>+ images Marion Ch\u00e9rot \/ Christian Cantin<\/li>\n<\/ul>\n<p><strong>Mus\u00e9e Lalique Bildnachweis: <\/strong><\/p>\n<ul>\n<li>David Desaleux<\/li>\n<li>Shuxiu Lin<\/li>\n<li>Lalique SA<\/li>\n<li>+ images Marion Ch\u00e9rot \/ Christian Cantin<\/li>\n<\/ul>\n<p>&nbsp;<\/p>\n<h3><strong>Hinweis zur Verwendung pers\u00f6nlicher Daten<\/strong><\/h3>\n<p>Kontaktdaten des Datenschutzbeauftragten (DSB oder DSB) der Einrichtung: Verwaltungszentrum Bas Rhin, benannt am 1. September 2019. Ansprechpartner: rgpd@cdg67.fr<\/p>\n<p>&nbsp;<\/p>\n<p><strong>Fall des Kontaktformulars :<\/strong><\/p>\n<p>Die \u00fcber das Kontaktformular gesammelten Informationen (Name, Vorname, E-Mail-Adresse) werden vom SYCOPARC-Sekretariat und eventuell von dem Agenten, der Ihre Anfrage bearbeiten wird, erfasst. Die rechtliche Grundlage f\u00fcr die Verarbeitung ist die Einwilligung. Daten, die im Fragebogen mit einem Sternchen gekennzeichnet sind, m\u00fcssen angegeben werden. Andernfalls kann das Formular nicht verwendet werden, aber Sie k\u00f6nnen uns auf jedem anderen Weg kontaktieren. Die gesammelten Daten werden nur den folgenden Empf\u00e4ngern mitgeteilt: dem SYCOPARC-Sekretariat und einem f\u00fcr die Beantwortung Ihrer Anfrage zust\u00e4ndigen Mitarbeiter. Die Daten werden so lange aufbewahrt, wie es f\u00fcr die Bearbeitung Ihres Antrags erforderlich ist, maximal jedoch 3 Jahre lang.<\/p>\n<p>Sie k\u00f6nnen auf die Sie betreffenden Daten zugreifen, sie berichtigen, ihre L\u00f6schung beantragen oder von Ihrem Recht Gebrauch machen, die Verarbeitung Ihrer Daten einzuschr\u00e4nken. Sie k\u00f6nnen Ihre Einwilligung zur Verarbeitung Ihrer Daten jederzeit widerrufen, und Sie k\u00f6nnen auch Ihr Recht auf die \u00dcbertragbarkeit Ihrer Daten aus\u00fcben.<\/p>\n<p>Weitere Informationen \u00fcber Ihre Rechte finden Sie auf der Website der CNIL: https:\/\/www.cnil.fr.<\/p>\n<p>Um diese Rechte auszu\u00fcben, k\u00f6nnen Sie uns unter folgender Postanschrift kontaktieren: SYCOPARC, Maison du Parc, Le Ch\u00e2teau, BP 24, 67290 La Petite Pierre oder Park-Mail: contact@parc-vosges-nord.fr<\/p>\n<p>Wenn Sie Fragen zur Verarbeitung Ihrer Daten haben, k\u00f6nnen Sie sich unter rgpd@cdg67.fr an unseren Datenschutzbeauftragten wenden.<\/p>\n<p>Wenn Sie nach der Kontaktaufnahme mit uns der Meinung sind, dass Ihre &#8220;Datenschutz&#8221;-Rechte nicht respektiert wurden, k\u00f6nnen Sie bei der CNIL eine Beschwerde einreichen.<\/p>\n<p>SYCOPARC verarbeitet die gesammelten Daten f\u00fcr seinen Auftrag von \u00f6ffentlichem Interesse.<\/p>\n<p><strong>\u00a0<\/strong><\/p>\n<p><strong>Der Fall der Cookies:<\/strong><\/p>\n<p>Ein Cookie ist eine kleine Computerdatei, ein Tracker. Sie erm\u00f6glicht im Allgemeinen die Analyse des Verhaltens der Benutzer beim Besuch einer Website, beim Lesen einer E-Mail, bei der Installation oder Nutzung einer Software oder einer mobilen Anwendung.<\/p>\n<p>SYCOPARC verwendet Cookies nur, um Ihnen an Ihre Interessenschwerpunkte angepasste Inhalte und Dienstleistungen anzubieten, um Publikumsmessungen durchzuf\u00fchren und um Ihnen Inhalte von sozialen Plattformen anzubieten.<\/p>\n<p>Beim Zugriff auf die Website k\u00f6nnen Sie jede Art von Cookie einzeln akzeptieren oder ablehnen.<\/p>\n<p>Die durch Cookies gesammelten Informationen werden in den Browsern gespeichert. Die rechtliche Grundlage f\u00fcr die Verarbeitung ist die Einwilligung. Die Ablehnung bestimmter Cookies kann zu Fehlfunktionen bestimmter Website-Dienste, wie z.B. Verbindungen mit sozialen Netzwerken, f\u00fchren. Die gesammelten Daten werden von SYCOPARC nicht an andere Empf\u00e4nger weitergegeben. Die Daten werden auch nicht von SYCOPARC aufbewahrt. Die von der CNIL empfohlene Dauer betr\u00e4gt 13 Monate.<\/p>\n<p>Weitere Informationen \u00fcber Ihre Rechte finden Sie auf der Website der CNIL: https:\/\/www.cnil.fr<\/p>\n<p>Um diese Rechte auszu\u00fcben, k\u00f6nnen Sie uns unter folgender Postanschrift kontaktieren: SYCOPARC, Maison du Parc, Le Ch\u00e2teau, BP 24, 67290 La Petite Pierre oder Park-Mail: contact@parc-vosges-nord.fr<\/p>\n<p>Wenn Sie Fragen zur Verarbeitung Ihrer Daten haben, k\u00f6nnen Sie sich unter rgpd@cdg67.fr an unseren Datenschutzbeauftragten wenden.<\/p>\n<p>Wenn Sie nach der Kontaktaufnahme mit uns der Meinung sind, dass Ihre &#8220;Datenschutz&#8221;-Rechte nicht respektiert wurden, k\u00f6nnen Sie bei der CNIL eine Beschwerde einreichen.<\/p>\n<p>SYCOPARC verarbeitet die gesammelten Daten f\u00fcr seinen Auftrag von \u00f6ffentlichem Interesse.<\/p>\n<p>&nbsp;<\/p>\n<p><strong>Geistiges Eigentum<\/strong><\/p>\n<p>Die Fotografien, Texte, Slogans, Zeichnungen, Bilder, animierten Sequenzen mit oder ohne Ton sowie alle in die Website integrierten Werke sind Eigentum des Herausgebers der Website oder Dritter, die den Herausgeber der Website zu ihrer Verwendung erm\u00e4chtigt haben. Jede vollst\u00e4ndige oder teilweise Reproduktion dieser Elemente ohne die ausdr\u00fcckliche Genehmigung des Website-Betreibers oder seiner Rechtsnachfolger ist im Sinne von Artikel L713-2 des CPI verboten.<\/p>\n<p>&nbsp;<\/p>\n<p><strong>Haftungsausschluss<\/strong><\/p>\n<p>Der Benutzer verwendet die Website auf eigenes Risiko und in \u00dcbereinstimmung mit den geltenden Gesetzen. Unter keinen Umst\u00e4nden kann der Herausgeber der Website f\u00fcr direkte oder indirekte Sch\u00e4den haftbar gemacht werden, insbesondere nicht f\u00fcr materielle Sch\u00e4den, Daten- oder Programmverluste, finanzielle Verluste, die sich aus dem Zugang oder der Nutzung dieser Website oder damit verbundener Websites ergeben. Der Inhalt der Website wird ohne jegliche Garantie jedweder Art pr\u00e4sentiert.<\/p>\n<p>&nbsp;<\/p>\n<p><strong>Bedingungen der Dienstleistungen<\/strong><\/p>\n<p>Diese Website ist f\u00fcr die neuesten Browser optimiert und respektiert die besten Webstandards.<\/p>\n","protected":false},"excerpt":{"rendered":"<p>Vorstellung der Site Name des Unternehmens: SYCOPARC &#8211; Syndicat de coop\u00e9ration pour le Parc naturel r\u00e9gional des Vosges du Nord (Syndicat de coop\u00e9ration pour le Parc naturel r\u00e9gional des Vosges du Nord (Kooperationsverband f\u00fcr den regionalen Naturpark Nordvogesen) VATERTIER: 256 700 691 00015 Anschrift: 21, rue du ch\u00e2teau &#8211; BP24 &#8211; 67290 La-Petite-Pierre E-Mail: contact@parc-vosges-nord.fr [&hellip;]<\/p>\n","protected":false},"author":5,"featured_media":0,"parent":0,"menu_order":10,"comment_status":"closed","ping_status":"closed","template":"","meta":{"_acf_changed":false,"inline_featured_image":false,"footnotes":""},"class_list":["post-756","page","type-page","status-publish","hentry"],"acf":[],"yoast_head":"<!-- This site is optimized with the Yoast SEO plugin v27.3 - https:\/\/yoast.com\/product\/yoast-seo-wordpress\/ -->\n<title>Impressum - \u00c9toiles Terrestres<\/title>\n<meta name=\"robots\" content=\"index, follow, max-snippet:-1, max-image-preview:large, max-video-preview:-1\" \/>\n<link rel=\"canonical\" href=\"https:\/\/etoiles-terrestres.fr\/de\/impressum\/\" \/>\n<meta property=\"og:locale\" content=\"de_DE\" \/>\n<meta property=\"og:type\" content=\"article\" \/>\n<meta property=\"og:title\" content=\"Impressum - \u00c9toiles Terrestres\" \/>\n<meta property=\"og:description\" content=\"Vorstellung der Site Name des Unternehmens: SYCOPARC &#8211; Syndicat de coop\u00e9ration pour le Parc naturel r\u00e9gional des Vosges du Nord (Syndicat de coop\u00e9ration pour le Parc naturel r\u00e9gional des Vosges du Nord (Kooperationsverband f\u00fcr den regionalen Naturpark Nordvogesen) VATERTIER: 256 700 691 00015 Anschrift: 21, rue du ch\u00e2teau &#8211; BP24 &#8211; 67290 La-Petite-Pierre E-Mail: contact@parc-vosges-nord.fr [&hellip;]\" \/>\n<meta property=\"og:url\" content=\"https:\/\/etoiles-terrestres.fr\/de\/impressum\/\" \/>\n<meta property=\"og:site_name\" content=\"\u00c9toiles Terrestres\" \/>\n<meta property=\"article:modified_time\" content=\"2020-07-23T14:42:08+00:00\" \/>\n<meta name=\"twitter:card\" content=\"summary_large_image\" \/>\n<meta name=\"twitter:label1\" content=\"Est. reading time\" \/>\n\t<meta name=\"twitter:data1\" content=\"4 minutes\" \/>\n<script type=\"application\/ld+json\" class=\"yoast-schema-graph\">{\"@context\":\"https:\\\/\\\/schema.org\",\"@graph\":[{\"@type\":\"WebPage\",\"@id\":\"https:\\\/\\\/etoiles-terrestres.fr\\\/de\\\/impressum\\\/\",\"url\":\"https:\\\/\\\/etoiles-terrestres.fr\\\/de\\\/impressum\\\/\",\"name\":\"Impressum - \u00c9toiles Terrestres\",\"isPartOf\":{\"@id\":\"https:\\\/\\\/etoiles-terrestres.fr\\\/de\\\/#website\"},\"datePublished\":\"2019-02-06T09:08:35+00:00\",\"dateModified\":\"2020-07-23T14:42:08+00:00\",\"breadcrumb\":{\"@id\":\"https:\\\/\\\/etoiles-terrestres.fr\\\/de\\\/impressum\\\/#breadcrumb\"},\"inLanguage\":\"de-DE\",\"potentialAction\":[{\"@type\":\"ReadAction\",\"target\":[\"https:\\\/\\\/etoiles-terrestres.fr\\\/de\\\/impressum\\\/\"]}]},{\"@type\":\"BreadcrumbList\",\"@id\":\"https:\\\/\\\/etoiles-terrestres.fr\\\/de\\\/impressum\\\/#breadcrumb\",\"itemListElement\":[{\"@type\":\"ListItem\",\"position\":1,\"name\":\"Accueil\",\"item\":\"https:\\\/\\\/etoiles-terrestres.fr\\\/de\\\/\"},{\"@type\":\"ListItem\",\"position\":2,\"name\":\"Impressum\"}]},{\"@type\":\"WebSite\",\"@id\":\"https:\\\/\\\/etoiles-terrestres.fr\\\/de\\\/#website\",\"url\":\"https:\\\/\\\/etoiles-terrestres.fr\\\/de\\\/\",\"name\":\"\u00c9toiles Terrestres\",\"description\":\"Verre et cristal, explorez la plus scintillante des constellations.\",\"potentialAction\":[{\"@type\":\"SearchAction\",\"target\":{\"@type\":\"EntryPoint\",\"urlTemplate\":\"https:\\\/\\\/etoiles-terrestres.fr\\\/de\\\/?s={search_term_string}\"},\"query-input\":{\"@type\":\"PropertyValueSpecification\",\"valueRequired\":true,\"valueName\":\"search_term_string\"}}],\"inLanguage\":\"de-DE\"}]}<\/script>\n<!-- \/ Yoast SEO plugin. -->","yoast_head_json":{"title":"Impressum - \u00c9toiles Terrestres","robots":{"index":"index","follow":"follow","max-snippet":"max-snippet:-1","max-image-preview":"max-image-preview:large","max-video-preview":"max-video-preview:-1"},"canonical":"https:\/\/etoiles-terrestres.fr\/de\/impressum\/","og_locale":"de_DE","og_type":"article","og_title":"Impressum - \u00c9toiles Terrestres","og_description":"Vorstellung der Site Name des Unternehmens: SYCOPARC &#8211; Syndicat de coop\u00e9ration pour le Parc naturel r\u00e9gional des Vosges du Nord (Syndicat de coop\u00e9ration pour le Parc naturel r\u00e9gional des Vosges du Nord (Kooperationsverband f\u00fcr den regionalen Naturpark Nordvogesen) VATERTIER: 256 700 691 00015 Anschrift: 21, rue du ch\u00e2teau &#8211; BP24 &#8211; 67290 La-Petite-Pierre E-Mail: contact@parc-vosges-nord.fr [&hellip;]","og_url":"https:\/\/etoiles-terrestres.fr\/de\/impressum\/","og_site_name":"\u00c9toiles Terrestres","article_modified_time":"2020-07-23T14:42:08+00:00","twitter_card":"summary_large_image","twitter_misc":{"Est. reading time":"4 minutes"},"schema":{"@context":"https:\/\/schema.org","@graph":[{"@type":"WebPage","@id":"https:\/\/etoiles-terrestres.fr\/de\/impressum\/","url":"https:\/\/etoiles-terrestres.fr\/de\/impressum\/","name":"Impressum - \u00c9toiles Terrestres","isPartOf":{"@id":"https:\/\/etoiles-terrestres.fr\/de\/#website"},"datePublished":"2019-02-06T09:08:35+00:00","dateModified":"2020-07-23T14:42:08+00:00","breadcrumb":{"@id":"https:\/\/etoiles-terrestres.fr\/de\/impressum\/#breadcrumb"},"inLanguage":"de-DE","potentialAction":[{"@type":"ReadAction","target":["https:\/\/etoiles-terrestres.fr\/de\/impressum\/"]}]},{"@type":"BreadcrumbList","@id":"https:\/\/etoiles-terrestres.fr\/de\/impressum\/#breadcrumb","itemListElement":[{"@type":"ListItem","position":1,"name":"Accueil","item":"https:\/\/etoiles-terrestres.fr\/de\/"},{"@type":"ListItem","position":2,"name":"Impressum"}]},{"@type":"WebSite","@id":"https:\/\/etoiles-terrestres.fr\/de\/#website","url":"https:\/\/etoiles-terrestres.fr\/de\/","name":"\u00c9toiles Terrestres","description":"Verre et cristal, explorez la plus scintillante des constellations.","potentialAction":[{"@type":"SearchAction","target":{"@type":"EntryPoint","urlTemplate":"https:\/\/etoiles-terrestres.fr\/de\/?s={search_term_string}"},"query-input":{"@type":"PropertyValueSpecification","valueRequired":true,"valueName":"search_term_string"}}],"inLanguage":"de-DE"}]}},"_links":{"self":[{"href":"https:\/\/etoiles-terrestres.fr\/de\/wp-json\/wp\/v2\/pages\/756","targetHints":{"allow":["GET"]}}],"collection":[{"href":"https:\/\/etoiles-terrestres.fr\/de\/wp-json\/wp\/v2\/pages"}],"about":[{"href":"https:\/\/etoiles-terrestres.fr\/de\/wp-json\/wp\/v2\/types\/page"}],"author":[{"embeddable":true,"href":"https:\/\/etoiles-terrestres.fr\/de\/wp-json\/wp\/v2\/users\/5"}],"replies":[{"embeddable":true,"href":"https:\/\/etoiles-terrestres.fr\/de\/wp-json\/wp\/v2\/comments?post=756"}],"version-history":[{"count":7,"href":"https:\/\/etoiles-terrestres.fr\/de\/wp-json\/wp\/v2\/pages\/756\/revisions"}],"predecessor-version":[{"id":1218,"href":"https:\/\/etoiles-terrestres.fr\/de\/wp-json\/wp\/v2\/pages\/756\/revisions\/1218"}],"wp:attachment":[{"href":"https:\/\/etoiles-terrestres.fr\/de\/wp-json\/wp\/v2\/media?parent=756"}],"curies":[{"name":"wp","href":"https:\/\/api.w.org\/{rel}","templated":true}]}}